{"id":156,"date":"2020-08-29T11:05:18","date_gmt":"2020-08-29T11:05:18","guid":{"rendered":"https:\/\/www.patrykszymanski.com\/?page_id=156"},"modified":"2021-04-10T18:40:21","modified_gmt":"2021-04-10T18:40:21","slug":"fotografia","status":"publish","type":"page","link":"https:\/\/www.patrykszymanski.com\/?page_id=156","title":{"rendered":"FOTOGRAFIA"},"content":{"rendered":"\n<p>Fotografuj\u0119 aparatem Canon EOS 6D z obiektywem 24-105. Zwiedzaj\u0105c \u015bwiat staram si\u0119 dokumentowa\u0107 to co widz\u0119, zachowa\u0107 w pami\u0119ci komputera pozornie nieistotne miejsca i nieznane twarze, licz\u0105c, \u017ce czas nada im tre\u015bci.<\/p>\n\n\n\n<p>Do fotografii ulicznej u\u017cywam dw\u00f3ch aparat\u00f3w: Canon EOS 6D z obiektywem 25-104 oraz Olympus OMD M-5 z obiektywem 14-45. Najcz\u0119\u015bciej fotografuj\u0119 przypadkowe zdarzenia na ulicy, odbicia w witrynach czy przystanki autobusowe. Interesuje mnie samodzielne \u017cycie miasta, jego tkanka i dynamika. Moja wersja fotografii ulicznej to nie opowie\u015b\u0107, ale kompozycja, pojedynczy kadr, kt\u00f3ry na moment zatrzyma widza i przyci\u0105gnie uwag\u0119 nienazwanym \u201eczym\u015b\u201d. W ten spos\u00f3b odbiorca i jego interpretacja staj\u0105 si\u0119&nbsp;wa\u017cniejsze od tw\u00f3rcy.<\/p>\n\n\n\n<p>Kadry uliczne publikuj\u0119 regularnie na moim koncie na <a href=\"https:\/\/www.instagram.com\/patrykszymanskicom\/\" target=\"_blank\" rel=\"noreferrer noopener\">Instagramie<\/a>.<\/p>\n\n\n\n<p class=\"has-dark-yellow-color has-text-color has-large-font-size\">OGL\u0104DAJ:<\/p>\n\n\n<ul class=\"wp-block-latest-posts__list alignleft wp-block-latest-posts\"><li><div class=\"wp-block-latest-posts__featured-image alignright\"><a href=\"https:\/\/www.patrykszymanski.com\/?p=859\" aria-label=\"Spok\u00f3j w Sajgonie\"><img loading=\"lazy\" decoding=\"async\" width=\"150\" height=\"150\" src=\"https:\/\/www.patrykszymanski.com\/wp-content\/uploads\/2025\/01\/IMG_2319-Edit-150x150.jpg\" class=\"attachment-thumbnail size-thumbnail wp-post-image\" alt=\"\" style=\"max-width:113px;max-height:113px;\" srcset=\"https:\/\/www.patrykszymanski.com\/wp-content\/uploads\/2025\/01\/IMG_2319-Edit-150x150.jpg 150w, https:\/\/www.patrykszymanski.com\/wp-content\/uploads\/2025\/01\/IMG_2319-Edit-640x640.jpg 640w, https:\/\/www.patrykszymanski.com\/wp-content\/uploads\/2025\/01\/IMG_2319-Edit-960x960.jpg 960w, https:\/\/www.patrykszymanski.com\/wp-content\/uploads\/2025\/01\/IMG_2319-Edit-140x140.jpg 140w, https:\/\/www.patrykszymanski.com\/wp-content\/uploads\/2025\/01\/IMG_2319-Edit-50x50.jpg 50w, https:\/\/www.patrykszymanski.com\/wp-content\/uploads\/2025\/01\/IMG_2319-Edit-666x666.jpg 666w, https:\/\/www.patrykszymanski.com\/wp-content\/uploads\/2025\/01\/IMG_2319-Edit-80x80.jpg 80w\" sizes=\"(max-width: 150px) 100vw, 150px\" \/><\/a><\/div><a class=\"wp-block-latest-posts__post-title\" href=\"https:\/\/www.patrykszymanski.com\/?p=859\">Spok\u00f3j w Sajgonie<\/a><\/li>\n<li><div class=\"wp-block-latest-posts__featured-image alignright\"><a href=\"https:\/\/www.patrykszymanski.com\/?p=855\" aria-label=\"Angkor Wat\"><img loading=\"lazy\" decoding=\"async\" width=\"150\" height=\"150\" src=\"https:\/\/www.patrykszymanski.com\/wp-content\/uploads\/2024\/12\/IMG_2658-Edit-150x150.jpg\" class=\"attachment-thumbnail size-thumbnail wp-post-image\" alt=\"\" style=\"max-width:113px;max-height:113px;\" srcset=\"https:\/\/www.patrykszymanski.com\/wp-content\/uploads\/2024\/12\/IMG_2658-Edit-150x150.jpg 150w, https:\/\/www.patrykszymanski.com\/wp-content\/uploads\/2024\/12\/IMG_2658-Edit-640x640.jpg 640w, https:\/\/www.patrykszymanski.com\/wp-content\/uploads\/2024\/12\/IMG_2658-Edit-960x960.jpg 960w, https:\/\/www.patrykszymanski.com\/wp-content\/uploads\/2024\/12\/IMG_2658-Edit-140x140.jpg 140w, https:\/\/www.patrykszymanski.com\/wp-content\/uploads\/2024\/12\/IMG_2658-Edit-50x50.jpg 50w, https:\/\/www.patrykszymanski.com\/wp-content\/uploads\/2024\/12\/IMG_2658-Edit-666x666.jpg 666w, https:\/\/www.patrykszymanski.com\/wp-content\/uploads\/2024\/12\/IMG_2658-Edit-80x80.jpg 80w\" sizes=\"(max-width: 150px) 100vw, 150px\" \/><\/a><\/div><a class=\"wp-block-latest-posts__post-title\" href=\"https:\/\/www.patrykszymanski.com\/?p=855\">Angkor Wat<\/a><\/li>\n<li><div class=\"wp-block-latest-posts__featured-image alignright\"><a href=\"https:\/\/www.patrykszymanski.com\/?p=800\" aria-label=\"Ulice Katmandu\"><img loading=\"lazy\" decoding=\"async\" width=\"150\" height=\"150\" src=\"https:\/\/www.patrykszymanski.com\/wp-content\/uploads\/2024\/12\/IMG_6931-Edit-150x150.jpg\" class=\"attachment-thumbnail size-thumbnail wp-post-image\" alt=\"\" style=\"max-width:113px;max-height:113px;\" srcset=\"https:\/\/www.patrykszymanski.com\/wp-content\/uploads\/2024\/12\/IMG_6931-Edit-150x150.jpg 150w, https:\/\/www.patrykszymanski.com\/wp-content\/uploads\/2024\/12\/IMG_6931-Edit-640x640.jpg 640w, https:\/\/www.patrykszymanski.com\/wp-content\/uploads\/2024\/12\/IMG_6931-Edit-960x960.jpg 960w, https:\/\/www.patrykszymanski.com\/wp-content\/uploads\/2024\/12\/IMG_6931-Edit-140x140.jpg 140w, https:\/\/www.patrykszymanski.com\/wp-content\/uploads\/2024\/12\/IMG_6931-Edit-50x50.jpg 50w, https:\/\/www.patrykszymanski.com\/wp-content\/uploads\/2024\/12\/IMG_6931-Edit-666x666.jpg 666w, https:\/\/www.patrykszymanski.com\/wp-content\/uploads\/2024\/12\/IMG_6931-Edit-80x80.jpg 80w\" sizes=\"(max-width: 150px) 100vw, 150px\" \/><\/a><\/div><a class=\"wp-block-latest-posts__post-title\" href=\"https:\/\/www.patrykszymanski.com\/?p=800\">Ulice Katmandu<\/a><\/li>\n<li><div class=\"wp-block-latest-posts__featured-image alignright\"><a href=\"https:\/\/www.patrykszymanski.com\/?p=626\" aria-label=\"Goryle z Bwindi\"><img loading=\"lazy\" decoding=\"async\" width=\"150\" height=\"150\" src=\"https:\/\/www.patrykszymanski.com\/wp-content\/uploads\/2024\/02\/IMG_9497-Edit-150x150.jpg\" class=\"attachment-thumbnail size-thumbnail wp-post-image\" alt=\"\" style=\"max-width:113px;max-height:113px;\" srcset=\"https:\/\/www.patrykszymanski.com\/wp-content\/uploads\/2024\/02\/IMG_9497-Edit-150x150.jpg 150w, https:\/\/www.patrykszymanski.com\/wp-content\/uploads\/2024\/02\/IMG_9497-Edit-640x640.jpg 640w, https:\/\/www.patrykszymanski.com\/wp-content\/uploads\/2024\/02\/IMG_9497-Edit-960x960.jpg 960w, https:\/\/www.patrykszymanski.com\/wp-content\/uploads\/2024\/02\/IMG_9497-Edit-140x140.jpg 140w, https:\/\/www.patrykszymanski.com\/wp-content\/uploads\/2024\/02\/IMG_9497-Edit-50x50.jpg 50w, https:\/\/www.patrykszymanski.com\/wp-content\/uploads\/2024\/02\/IMG_9497-Edit-666x666.jpg 666w, https:\/\/www.patrykszymanski.com\/wp-content\/uploads\/2024\/02\/IMG_9497-Edit-80x80.jpg 80w\" sizes=\"(max-width: 150px) 100vw, 150px\" \/><\/a><\/div><a class=\"wp-block-latest-posts__post-title\" href=\"https:\/\/www.patrykszymanski.com\/?p=626\">Goryle z Bwindi<\/a><\/li>\n<li><div class=\"wp-block-latest-posts__featured-image alignright\"><a href=\"https:\/\/www.patrykszymanski.com\/?p=507\" aria-label=\"Ukraina. Fotorelacja\"><img loading=\"lazy\" decoding=\"async\" width=\"150\" height=\"150\" src=\"https:\/\/www.patrykszymanski.com\/wp-content\/uploads\/2023\/01\/IMG_0121-Edit-150x150.jpg\" class=\"attachment-thumbnail size-thumbnail wp-post-image\" alt=\"\" style=\"max-width:113px;max-height:113px;\" srcset=\"https:\/\/www.patrykszymanski.com\/wp-content\/uploads\/2023\/01\/IMG_0121-Edit-150x150.jpg 150w, https:\/\/www.patrykszymanski.com\/wp-content\/uploads\/2023\/01\/IMG_0121-Edit-640x640.jpg 640w, https:\/\/www.patrykszymanski.com\/wp-content\/uploads\/2023\/01\/IMG_0121-Edit-960x960.jpg 960w, https:\/\/www.patrykszymanski.com\/wp-content\/uploads\/2023\/01\/IMG_0121-Edit-140x140.jpg 140w, https:\/\/www.patrykszymanski.com\/wp-content\/uploads\/2023\/01\/IMG_0121-Edit-50x50.jpg 50w, https:\/\/www.patrykszymanski.com\/wp-content\/uploads\/2023\/01\/IMG_0121-Edit-666x666.jpg 666w, https:\/\/www.patrykszymanski.com\/wp-content\/uploads\/2023\/01\/IMG_0121-Edit-80x80.jpg 80w\" sizes=\"(max-width: 150px) 100vw, 150px\" \/><\/a><\/div><a class=\"wp-block-latest-posts__post-title\" href=\"https:\/\/www.patrykszymanski.com\/?p=507\">Ukraina. Fotorelacja<\/a><\/li>\n<li><div class=\"wp-block-latest-posts__featured-image alignright\"><a href=\"https:\/\/www.patrykszymanski.com\/?p=390\" aria-label=\"Kilimand\u017caro. Fotorelacja.\"><img loading=\"lazy\" decoding=\"async\" width=\"150\" height=\"150\" src=\"https:\/\/www.patrykszymanski.com\/wp-content\/uploads\/2021\/10\/IMG_2484-Edit-150x150.jpg\" class=\"attachment-thumbnail size-thumbnail wp-post-image\" alt=\"\" style=\"max-width:113px;max-height:113px;\" srcset=\"https:\/\/www.patrykszymanski.com\/wp-content\/uploads\/2021\/10\/IMG_2484-Edit-150x150.jpg 150w, https:\/\/www.patrykszymanski.com\/wp-content\/uploads\/2021\/10\/IMG_2484-Edit-640x640.jpg 640w, https:\/\/www.patrykszymanski.com\/wp-content\/uploads\/2021\/10\/IMG_2484-Edit-960x960.jpg 960w, https:\/\/www.patrykszymanski.com\/wp-content\/uploads\/2021\/10\/IMG_2484-Edit-140x140.jpg 140w, https:\/\/www.patrykszymanski.com\/wp-content\/uploads\/2021\/10\/IMG_2484-Edit-50x50.jpg 50w, https:\/\/www.patrykszymanski.com\/wp-content\/uploads\/2021\/10\/IMG_2484-Edit-666x666.jpg 666w, https:\/\/www.patrykszymanski.com\/wp-content\/uploads\/2021\/10\/IMG_2484-Edit-80x80.jpg 80w\" sizes=\"(max-width: 150px) 100vw, 150px\" \/><\/a><\/div><a class=\"wp-block-latest-posts__post-title\" href=\"https:\/\/www.patrykszymanski.com\/?p=390\">Kilimand\u017caro. Fotorelacja.<\/a><\/li>\n<li><div class=\"wp-block-latest-posts__featured-image alignright\"><a href=\"https:\/\/www.patrykszymanski.com\/?p=277\" aria-label=\"Islandia. Fotorelacja\"><img loading=\"lazy\" decoding=\"async\" width=\"150\" height=\"150\" src=\"https:\/\/www.patrykszymanski.com\/wp-content\/uploads\/2021\/01\/IMG_9112-Edit-150x150.jpg\" class=\"attachment-thumbnail size-thumbnail wp-post-image\" alt=\"\" style=\"max-width:113px;max-height:113px;\" srcset=\"https:\/\/www.patrykszymanski.com\/wp-content\/uploads\/2021\/01\/IMG_9112-Edit-150x150.jpg 150w, https:\/\/www.patrykszymanski.com\/wp-content\/uploads\/2021\/01\/IMG_9112-Edit-640x640.jpg 640w, https:\/\/www.patrykszymanski.com\/wp-content\/uploads\/2021\/01\/IMG_9112-Edit-960x960.jpg 960w, https:\/\/www.patrykszymanski.com\/wp-content\/uploads\/2021\/01\/IMG_9112-Edit-140x140.jpg 140w, https:\/\/www.patrykszymanski.com\/wp-content\/uploads\/2021\/01\/IMG_9112-Edit-50x50.jpg 50w, https:\/\/www.patrykszymanski.com\/wp-content\/uploads\/2021\/01\/IMG_9112-Edit-666x666.jpg 666w, https:\/\/www.patrykszymanski.com\/wp-content\/uploads\/2021\/01\/IMG_9112-Edit-80x80.jpg 80w\" sizes=\"(max-width: 150px) 100vw, 150px\" \/><\/a><\/div><a class=\"wp-block-latest-posts__post-title\" href=\"https:\/\/www.patrykszymanski.com\/?p=277\">Islandia. Fotorelacja<\/a><\/li>\n<li><div class=\"wp-block-latest-posts__featured-image alignright\"><a href=\"https:\/\/www.patrykszymanski.com\/?p=110\" aria-label=\"Makau. Fotorelacja\"><img loading=\"lazy\" decoding=\"async\" width=\"150\" height=\"150\" src=\"https:\/\/www.patrykszymanski.com\/wp-content\/uploads\/2020\/08\/IMG_2826-Edit-150x150.jpg\" class=\"attachment-thumbnail size-thumbnail wp-post-image\" alt=\"\" style=\"max-width:113px;max-height:113px;\" srcset=\"https:\/\/www.patrykszymanski.com\/wp-content\/uploads\/2020\/08\/IMG_2826-Edit-150x150.jpg 150w, https:\/\/www.patrykszymanski.com\/wp-content\/uploads\/2020\/08\/IMG_2826-Edit-640x640.jpg 640w, https:\/\/www.patrykszymanski.com\/wp-content\/uploads\/2020\/08\/IMG_2826-Edit-960x960.jpg 960w, https:\/\/www.patrykszymanski.com\/wp-content\/uploads\/2020\/08\/IMG_2826-Edit-140x140.jpg 140w, https:\/\/www.patrykszymanski.com\/wp-content\/uploads\/2020\/08\/IMG_2826-Edit-50x50.jpg 50w, https:\/\/www.patrykszymanski.com\/wp-content\/uploads\/2020\/08\/IMG_2826-Edit-666x666.jpg 666w, https:\/\/www.patrykszymanski.com\/wp-content\/uploads\/2020\/08\/IMG_2826-Edit-80x80.jpg 80w\" sizes=\"(max-width: 150px) 100vw, 150px\" \/><\/a><\/div><a class=\"wp-block-latest-posts__post-title\" href=\"https:\/\/www.patrykszymanski.com\/?p=110\">Makau. Fotorelacja<\/a><\/li>\n<li><div class=\"wp-block-latest-posts__featured-image alignright\"><a href=\"https:\/\/www.patrykszymanski.com\/?p=37\" aria-label=\"Etiopia. Portrety.\"><img loading=\"lazy\" decoding=\"async\" width=\"150\" height=\"150\" src=\"https:\/\/www.patrykszymanski.com\/wp-content\/uploads\/2020\/08\/IMG_3019-Edit-150x150.jpg\" class=\"attachment-thumbnail size-thumbnail wp-post-image\" alt=\"\" style=\"max-width:113px;max-height:113px;\" \/><\/a><\/div><a class=\"wp-block-latest-posts__post-title\" href=\"https:\/\/www.patrykszymanski.com\/?p=37\">Etiopia. Portrety.<\/a><\/li>\n<\/ul>\n\n\n<p><\/p>\n","protected":false},"excerpt":{"rendered":"<p class=\"more-link\"><a href=\"https:\/\/www.patrykszymanski.com\/?page_id=156\" class=\"readmore\"><svg class=\"icon icon-arrow-right\" aria-hidden=\"true\" role=\"img\"> <use href=\"#icon-arrow-right\" xlink:href=\"#icon-arrow-right\"><\/use> <\/svg><span class=\"screen-reader-text\">FOTOGRAFIA<\/span><\/a><\/p>\n","protected":false},"author":1,"featured_media":288,"parent":0,"menu_order":0,"comment_status":"closed","ping_status":"closed","template":"templates\/full-width-page.php","meta":{"jetpack_post_was_ever_published":false,"footnotes":""},"jetpack_sharing_enabled":true,"_links":{"self":[{"href":"https:\/\/www.patrykszymanski.com\/index.php?rest_route=\/wp\/v2\/pages\/156"}],"collection":[{"href":"https:\/\/www.patrykszymanski.com\/index.php?rest_route=\/wp\/v2\/pages"}],"about":[{"href":"https:\/\/www.patrykszymanski.com\/index.php?rest_route=\/wp\/v2\/types\/page"}],"author":[{"embeddable":true,"href":"https:\/\/www.patrykszymanski.com\/index.php?rest_route=\/wp\/v2\/users\/1"}],"replies":[{"embeddable":true,"href":"https:\/\/www.patrykszymanski.com\/index.php?rest_route=%2Fwp%2Fv2%2Fcomments&post=156"}],"version-history":[{"count":10,"href":"https:\/\/www.patrykszymanski.com\/index.php?rest_route=\/wp\/v2\/pages\/156\/revisions"}],"predecessor-version":[{"id":355,"href":"https:\/\/www.patrykszymanski.com\/index.php?rest_route=\/wp\/v2\/pages\/156\/revisions\/355"}],"wp:featuredmedia":[{"embeddable":true,"href":"https:\/\/www.patrykszymanski.com\/index.php?rest_route=\/wp\/v2\/media\/288"}],"wp:attachment":[{"href":"https:\/\/www.patrykszymanski.com\/index.php?rest_route=%2Fwp%2Fv2%2Fmedia&parent=156"}],"curies":[{"name":"wp","href":"https:\/\/api.w.org\/{rel}","templated":true}]}}