{"id":158,"date":"2020-08-29T11:05:46","date_gmt":"2020-08-29T11:05:46","guid":{"rendered":"https:\/\/www.patrykszymanski.com\/?page_id=158"},"modified":"2026-01-13T14:04:38","modified_gmt":"2026-01-13T14:04:38","slug":"reportaz","status":"publish","type":"page","link":"https:\/\/www.patrykszymanski.com\/?page_id=158","title":{"rendered":"REPORTA\u017b"},"content":{"rendered":"\n<p>Reporta\u017c jest sztuk\u0105 przelania obserwacji na papier, obserwacji mo\u017cliwie subiektywnej, kt\u00f3r\u0105 czytelnik mo\u017ce zinterpretowa\u0107 na sw\u00f3j w\u0142asny spos\u00f3b. Interesuj\u0105 mnie ludzie i ich historie, zwykli ludzie, kt\u00f3rzy zawsze maja&nbsp;do opowiedzenia niezwyk\u0142e historie. <\/p>\n\n\n\n<p>Najch\u0119tniej si\u0119gam po temat zag\u0142ady, upadku ludzko\u015bci i cywilizacji oraz odrodzenia po takim upadku. Interesuje mnie temat nadchodz\u0105cej utopii, interpretacji wsp\u00f3lnoty.<\/p>\n\n\n\n<p class=\"has-dark-yellow-color has-text-color has-link-color has-large-font-size wp-elements-4e75125811df8a87b96ca38c2325b230\">PUBLIKACJE:<\/p>\n\n\n\n<p><a href=\"https:\/\/wyborcza.pl\/duzyformat\/7,127290,31019151,dzikie-kopalnie-zlota-w-tanzanii-szamani-podpowiadaja-pomoga.html\" target=\"_blank\" rel=\"noreferrer noopener\">&#8222;Nie igraj z ushirikin\u0105&#8221;<\/a> &#8211; reporta\u017c o dzikich kopalniach z\u0142ota w Tanzanii oraz czarnej magii, kt\u00f3ra towarzyszy wydobyciu. Du\u017cy Format.<\/p>\n\n\n\n<p><a href=\"https:\/\/oko.press\/dwadziescia-dwie-smierci-dziennie\" target=\"_blank\" rel=\"noreferrer noopener\">&#8222;Dwadzie\u015bcia dwie \u015bmierci dziennie.&#8221;<\/a> &#8211; reporta\u017c o kryzysie opioidowym w Kanadzie. Oko.press<\/p>\n\n\n\n<p>&#8222;<a href=\"https:\/\/wyborcza.pl\/duzyformat\/7,127290,30118344,chlopcy-malowani-co-ty-tam-robisz-strzelam-do-rosjan.html\" target=\"_blank\" rel=\"noreferrer noopener\">Ch\u0142opcy malowani. O najemnikach w Ukrainie.&#8221; <\/a> &#8211; reporta\u017c o Legionie Mi\u0119dzynarodowym w Ukrainie. Du\u017cy Format.<\/p>\n\n\n\n<p><a href=\"https:\/\/oko.press\/fukushima-14-lat-pokatastrofie\" target=\"_blank\" rel=\"noreferrer noopener\">&#8222;Fukushima 14 lat po katastrofie&#8221;<\/a> &#8211; reporta\u017c z Japonii, o skutkach awarii w elektrowni atomowej. Oko.press.<\/p>\n\n\n\n<p class=\"has-dark-yellow-color has-text-color has-large-font-size\">CZYTAJ:<\/p>\n\n\n<ul class=\"wp-block-latest-posts__list wp-block-latest-posts\"><li><div class=\"wp-block-latest-posts__featured-image alignleft\"><a href=\"https:\/\/www.patrykszymanski.com\/?p=896\" aria-label=\"Etiopia. Plemiona Doliny Omo\"><img loading=\"lazy\" decoding=\"async\" width=\"150\" height=\"150\" src=\"https:\/\/www.patrykszymanski.com\/wp-content\/uploads\/2020\/10\/IMG_3447-Edit-150x150.jpg\" class=\"attachment-thumbnail size-thumbnail wp-post-image\" alt=\"\" style=\"max-width:75px;max-height:75px;\" srcset=\"https:\/\/www.patrykszymanski.com\/wp-content\/uploads\/2020\/10\/IMG_3447-Edit-150x150.jpg 150w, https:\/\/www.patrykszymanski.com\/wp-content\/uploads\/2020\/10\/IMG_3447-Edit-640x640.jpg 640w, https:\/\/www.patrykszymanski.com\/wp-content\/uploads\/2020\/10\/IMG_3447-Edit-960x960.jpg 960w, https:\/\/www.patrykszymanski.com\/wp-content\/uploads\/2020\/10\/IMG_3447-Edit-140x140.jpg 140w, https:\/\/www.patrykszymanski.com\/wp-content\/uploads\/2020\/10\/IMG_3447-Edit-50x50.jpg 50w, https:\/\/www.patrykszymanski.com\/wp-content\/uploads\/2020\/10\/IMG_3447-Edit-666x666.jpg 666w, https:\/\/www.patrykszymanski.com\/wp-content\/uploads\/2020\/10\/IMG_3447-Edit-80x80.jpg 80w\" sizes=\"(max-width: 150px) 100vw, 150px\" \/><\/a><\/div><a class=\"wp-block-latest-posts__post-title\" href=\"https:\/\/www.patrykszymanski.com\/?p=896\">Etiopia. Plemiona Doliny Omo<\/a><\/li>\n<li><div class=\"wp-block-latest-posts__featured-image alignleft\"><a href=\"https:\/\/www.patrykszymanski.com\/?p=559\" aria-label=\"Nienawidz\u0119 Ukrainy\"><img loading=\"lazy\" decoding=\"async\" width=\"150\" height=\"150\" src=\"https:\/\/www.patrykszymanski.com\/wp-content\/uploads\/2023\/01\/IMG_0048-Edit-150x150.jpg\" class=\"attachment-thumbnail size-thumbnail wp-post-image\" alt=\"\" style=\"max-width:75px;max-height:75px;\" srcset=\"https:\/\/www.patrykszymanski.com\/wp-content\/uploads\/2023\/01\/IMG_0048-Edit-150x150.jpg 150w, https:\/\/www.patrykszymanski.com\/wp-content\/uploads\/2023\/01\/IMG_0048-Edit-640x640.jpg 640w, https:\/\/www.patrykszymanski.com\/wp-content\/uploads\/2023\/01\/IMG_0048-Edit-960x960.jpg 960w, https:\/\/www.patrykszymanski.com\/wp-content\/uploads\/2023\/01\/IMG_0048-Edit-140x140.jpg 140w, https:\/\/www.patrykszymanski.com\/wp-content\/uploads\/2023\/01\/IMG_0048-Edit-50x50.jpg 50w, https:\/\/www.patrykszymanski.com\/wp-content\/uploads\/2023\/01\/IMG_0048-Edit-666x666.jpg 666w, https:\/\/www.patrykszymanski.com\/wp-content\/uploads\/2023\/01\/IMG_0048-Edit-80x80.jpg 80w\" sizes=\"(max-width: 150px) 100vw, 150px\" \/><\/a><\/div><a class=\"wp-block-latest-posts__post-title\" href=\"https:\/\/www.patrykszymanski.com\/?p=559\">Nienawidz\u0119 Ukrainy<\/a><\/li>\n<li><div class=\"wp-block-latest-posts__featured-image alignleft\"><a href=\"https:\/\/www.patrykszymanski.com\/?p=497\" aria-label=\"Dictator, but good. Raport z Tanzanii.\"><img loading=\"lazy\" decoding=\"async\" width=\"150\" height=\"150\" src=\"https:\/\/www.patrykszymanski.com\/wp-content\/uploads\/2022\/07\/WhatsApp-Image-2022-07-30-at-11.36.47-150x150.jpeg\" class=\"attachment-thumbnail size-thumbnail wp-post-image\" alt=\"Dzieci w szkole w Tanzanii\" style=\"max-width:75px;max-height:75px;\" srcset=\"https:\/\/www.patrykszymanski.com\/wp-content\/uploads\/2022\/07\/WhatsApp-Image-2022-07-30-at-11.36.47-150x150.jpeg 150w, https:\/\/www.patrykszymanski.com\/wp-content\/uploads\/2022\/07\/WhatsApp-Image-2022-07-30-at-11.36.47-640x640.jpeg 640w, https:\/\/www.patrykszymanski.com\/wp-content\/uploads\/2022\/07\/WhatsApp-Image-2022-07-30-at-11.36.47-960x960.jpeg 960w, https:\/\/www.patrykszymanski.com\/wp-content\/uploads\/2022\/07\/WhatsApp-Image-2022-07-30-at-11.36.47-140x140.jpeg 140w, https:\/\/www.patrykszymanski.com\/wp-content\/uploads\/2022\/07\/WhatsApp-Image-2022-07-30-at-11.36.47-50x50.jpeg 50w, https:\/\/www.patrykszymanski.com\/wp-content\/uploads\/2022\/07\/WhatsApp-Image-2022-07-30-at-11.36.47-666x666.jpeg 666w, https:\/\/www.patrykszymanski.com\/wp-content\/uploads\/2022\/07\/WhatsApp-Image-2022-07-30-at-11.36.47-80x80.jpeg 80w\" sizes=\"(max-width: 150px) 100vw, 150px\" \/><\/a><\/div><a class=\"wp-block-latest-posts__post-title\" href=\"https:\/\/www.patrykszymanski.com\/?p=497\">Dictator, but good. Raport z Tanzanii.<\/a><\/li>\n<li><div class=\"wp-block-latest-posts__featured-image alignleft\"><a href=\"https:\/\/www.patrykszymanski.com\/?p=458\" aria-label=\"Mumbaj. Maximum City.\"><img loading=\"lazy\" decoding=\"async\" width=\"150\" height=\"150\" src=\"https:\/\/www.patrykszymanski.com\/wp-content\/uploads\/2022\/03\/10583041_708574019212091_4332702787331621880_o-150x150.jpeg\" class=\"attachment-thumbnail size-thumbnail wp-post-image\" alt=\"Tipika. Indyjska dziewczynka\" style=\"max-width:75px;max-height:75px;\" srcset=\"https:\/\/www.patrykszymanski.com\/wp-content\/uploads\/2022\/03\/10583041_708574019212091_4332702787331621880_o-150x150.jpeg 150w, https:\/\/www.patrykszymanski.com\/wp-content\/uploads\/2022\/03\/10583041_708574019212091_4332702787331621880_o-640x640.jpeg 640w, https:\/\/www.patrykszymanski.com\/wp-content\/uploads\/2022\/03\/10583041_708574019212091_4332702787331621880_o-960x960.jpeg 960w, https:\/\/www.patrykszymanski.com\/wp-content\/uploads\/2022\/03\/10583041_708574019212091_4332702787331621880_o-140x140.jpeg 140w, https:\/\/www.patrykszymanski.com\/wp-content\/uploads\/2022\/03\/10583041_708574019212091_4332702787331621880_o-50x50.jpeg 50w, https:\/\/www.patrykszymanski.com\/wp-content\/uploads\/2022\/03\/10583041_708574019212091_4332702787331621880_o-666x666.jpeg 666w, https:\/\/www.patrykszymanski.com\/wp-content\/uploads\/2022\/03\/10583041_708574019212091_4332702787331621880_o-80x80.jpeg 80w\" sizes=\"(max-width: 150px) 100vw, 150px\" \/><\/a><\/div><a class=\"wp-block-latest-posts__post-title\" href=\"https:\/\/www.patrykszymanski.com\/?p=458\">Mumbaj. Maximum City.<\/a><\/li>\n<li><div class=\"wp-block-latest-posts__featured-image alignleft\"><a href=\"https:\/\/www.patrykszymanski.com\/?p=423\" aria-label=\"Mi\u0142o\u015b\u0107 Trzeciego \u015awiata. Raport z Bangladeszu.\"><img loading=\"lazy\" decoding=\"async\" width=\"150\" height=\"150\" src=\"https:\/\/www.patrykszymanski.com\/wp-content\/uploads\/2021\/12\/6.-Pan-mlody-wyprowadza-swoja-zone-z-domu-rodzicow-150x150.jpg\" class=\"attachment-thumbnail size-thumbnail wp-post-image\" alt=\"Aran\u017cowane wesele\" style=\"max-width:75px;max-height:75px;\" srcset=\"https:\/\/www.patrykszymanski.com\/wp-content\/uploads\/2021\/12\/6.-Pan-mlody-wyprowadza-swoja-zone-z-domu-rodzicow-150x150.jpg 150w, https:\/\/www.patrykszymanski.com\/wp-content\/uploads\/2021\/12\/6.-Pan-mlody-wyprowadza-swoja-zone-z-domu-rodzicow-640x640.jpg 640w, https:\/\/www.patrykszymanski.com\/wp-content\/uploads\/2021\/12\/6.-Pan-mlody-wyprowadza-swoja-zone-z-domu-rodzicow-140x140.jpg 140w, https:\/\/www.patrykszymanski.com\/wp-content\/uploads\/2021\/12\/6.-Pan-mlody-wyprowadza-swoja-zone-z-domu-rodzicow-50x50.jpg 50w, https:\/\/www.patrykszymanski.com\/wp-content\/uploads\/2021\/12\/6.-Pan-mlody-wyprowadza-swoja-zone-z-domu-rodzicow-666x666.jpg 666w, https:\/\/www.patrykszymanski.com\/wp-content\/uploads\/2021\/12\/6.-Pan-mlody-wyprowadza-swoja-zone-z-domu-rodzicow-80x80.jpg 80w\" sizes=\"(max-width: 150px) 100vw, 150px\" \/><\/a><\/div><a class=\"wp-block-latest-posts__post-title\" href=\"https:\/\/www.patrykszymanski.com\/?p=423\">Mi\u0142o\u015b\u0107 Trzeciego \u015awiata. Raport z Bangladeszu.<\/a><\/li>\n<li><div class=\"wp-block-latest-posts__featured-image alignleft\"><a href=\"https:\/\/www.patrykszymanski.com\/?p=183\" aria-label=\"Historie z Czarnobyla.\"><img loading=\"lazy\" decoding=\"async\" width=\"150\" height=\"150\" src=\"https:\/\/www.patrykszymanski.com\/wp-content\/uploads\/2020\/10\/IMG_8260-Edit-150x150.jpg\" class=\"attachment-thumbnail size-thumbnail wp-post-image\" alt=\"\" style=\"max-width:75px;max-height:75px;\" srcset=\"https:\/\/www.patrykszymanski.com\/wp-content\/uploads\/2020\/10\/IMG_8260-Edit-150x150.jpg 150w, https:\/\/www.patrykszymanski.com\/wp-content\/uploads\/2020\/10\/IMG_8260-Edit-640x640.jpg 640w, https:\/\/www.patrykszymanski.com\/wp-content\/uploads\/2020\/10\/IMG_8260-Edit-960x960.jpg 960w, https:\/\/www.patrykszymanski.com\/wp-content\/uploads\/2020\/10\/IMG_8260-Edit-140x140.jpg 140w, https:\/\/www.patrykszymanski.com\/wp-content\/uploads\/2020\/10\/IMG_8260-Edit-50x50.jpg 50w, https:\/\/www.patrykszymanski.com\/wp-content\/uploads\/2020\/10\/IMG_8260-Edit-666x666.jpg 666w, https:\/\/www.patrykszymanski.com\/wp-content\/uploads\/2020\/10\/IMG_8260-Edit-80x80.jpg 80w\" sizes=\"(max-width: 150px) 100vw, 150px\" \/><\/a><\/div><a class=\"wp-block-latest-posts__post-title\" href=\"https:\/\/www.patrykszymanski.com\/?p=183\">Historie z Czarnobyla.<\/a><\/li>\n<\/ul>","protected":false},"excerpt":{"rendered":"<p class=\"more-link\"><a href=\"https:\/\/www.patrykszymanski.com\/?page_id=158\" class=\"readmore\"><svg class=\"icon icon-arrow-right\" aria-hidden=\"true\" role=\"img\"> <use href=\"#icon-arrow-right\" xlink:href=\"#icon-arrow-right\"><\/use> <\/svg><span class=\"screen-reader-text\">REPORTA\u017b<\/span><\/a><\/p>\n","protected":false},"author":1,"featured_media":289,"parent":0,"menu_order":0,"comment_status":"closed","ping_status":"closed","template":"templates\/full-width-page.php","meta":{"jetpack_post_was_ever_published":false,"footnotes":""},"jetpack_sharing_enabled":true,"_links":{"self":[{"href":"https:\/\/www.patrykszymanski.com\/index.php?rest_route=\/wp\/v2\/pages\/158"}],"collection":[{"href":"https:\/\/www.patrykszymanski.com\/index.php?rest_route=\/wp\/v2\/pages"}],"about":[{"href":"https:\/\/www.patrykszymanski.com\/index.php?rest_route=\/wp\/v2\/types\/page"}],"author":[{"embeddable":true,"href":"https:\/\/www.patrykszymanski.com\/index.php?rest_route=\/wp\/v2\/users\/1"}],"replies":[{"embeddable":true,"href":"https:\/\/www.patrykszymanski.com\/index.php?rest_route=%2Fwp%2Fv2%2Fcomments&post=158"}],"version-history":[{"count":7,"href":"https:\/\/www.patrykszymanski.com\/index.php?rest_route=\/wp\/v2\/pages\/158\/revisions"}],"predecessor-version":[{"id":938,"href":"https:\/\/www.patrykszymanski.com\/index.php?rest_route=\/wp\/v2\/pages\/158\/revisions\/938"}],"wp:featuredmedia":[{"embeddable":true,"href":"https:\/\/www.patrykszymanski.com\/index.php?rest_route=\/wp\/v2\/media\/289"}],"wp:attachment":[{"href":"https:\/\/www.patrykszymanski.com\/index.php?rest_route=%2Fwp%2Fv2%2Fmedia&parent=158"}],"curies":[{"name":"wp","href":"https:\/\/api.w.org\/{rel}","templated":true}]}}