{"id":328,"date":"2021-04-04T18:16:44","date_gmt":"2021-04-04T18:16:44","guid":{"rendered":"https:\/\/www.patrykszymanski.com\/?page_id=328"},"modified":"2021-04-10T18:37:51","modified_gmt":"2021-04-10T18:37:51","slug":"fotoreportaz","status":"publish","type":"page","link":"https:\/\/www.patrykszymanski.com\/?page_id=328","title":{"rendered":"FOTOREPORTA\u017b"},"content":{"rendered":"\n<p>Niekt\u00f3re historie \u0142atwiej opowiedzie\u0107 obrazem ni\u017c s\u0142owem. <\/p>\n\n\n<ul class=\"wp-block-latest-posts__list wp-block-latest-posts\"><li><div class=\"wp-block-latest-posts__featured-image alignleft\"><img loading=\"lazy\" decoding=\"async\" width=\"300\" height=\"200\" src=\"https:\/\/www.patrykszymanski.com\/wp-content\/uploads\/2024\/11\/IMG_4003-Edit-300x200.jpg\" class=\"attachment-medium size-medium wp-post-image\" alt=\"\" style=\"max-width:150px;max-height:150px;\" srcset=\"https:\/\/www.patrykszymanski.com\/wp-content\/uploads\/2024\/11\/IMG_4003-Edit-300x200.jpg 300w, https:\/\/www.patrykszymanski.com\/wp-content\/uploads\/2024\/11\/IMG_4003-Edit-1024x682.jpg 1024w, https:\/\/www.patrykszymanski.com\/wp-content\/uploads\/2024\/11\/IMG_4003-Edit-768x512.jpg 768w, https:\/\/www.patrykszymanski.com\/wp-content\/uploads\/2024\/11\/IMG_4003-Edit-1536x1024.jpg 1536w, https:\/\/www.patrykszymanski.com\/wp-content\/uploads\/2024\/11\/IMG_4003-Edit.jpg 2024w\" sizes=\"(max-width: 300px) 100vw, 300px\" \/><\/div><a class=\"wp-block-latest-posts__post-title\" href=\"https:\/\/www.patrykszymanski.com\/?p=793\">Bengalskie wesele<\/a><\/li>\n<li><div class=\"wp-block-latest-posts__featured-image alignleft\"><img loading=\"lazy\" decoding=\"async\" width=\"300\" height=\"200\" src=\"https:\/\/www.patrykszymanski.com\/wp-content\/uploads\/2024\/07\/IMG_0309-Edit-300x200.jpg\" class=\"attachment-medium size-medium wp-post-image\" alt=\"\" style=\"max-width:150px;max-height:150px;\" srcset=\"https:\/\/www.patrykszymanski.com\/wp-content\/uploads\/2024\/07\/IMG_0309-Edit-300x200.jpg 300w, https:\/\/www.patrykszymanski.com\/wp-content\/uploads\/2024\/07\/IMG_0309-Edit-1024x682.jpg 1024w, https:\/\/www.patrykszymanski.com\/wp-content\/uploads\/2024\/07\/IMG_0309-Edit-768x512.jpg 768w, https:\/\/www.patrykszymanski.com\/wp-content\/uploads\/2024\/07\/IMG_0309-Edit-1536x1024.jpg 1536w, https:\/\/www.patrykszymanski.com\/wp-content\/uploads\/2024\/07\/IMG_0309-Edit.jpg 2024w\" sizes=\"(max-width: 300px) 100vw, 300px\" \/><\/div><a class=\"wp-block-latest-posts__post-title\" href=\"https:\/\/www.patrykszymanski.com\/?p=750\">Nyumbani. Tanza\u0144ski dom.<\/a><\/li>\n<li><div class=\"wp-block-latest-posts__featured-image alignleft\"><img loading=\"lazy\" decoding=\"async\" width=\"300\" height=\"200\" src=\"https:\/\/www.patrykszymanski.com\/wp-content\/uploads\/2024\/07\/IMG_3761-Edit-300x200.jpg\" class=\"attachment-medium size-medium wp-post-image\" alt=\"\" style=\"max-width:150px;max-height:150px;\" srcset=\"https:\/\/www.patrykszymanski.com\/wp-content\/uploads\/2024\/07\/IMG_3761-Edit-300x200.jpg 300w, https:\/\/www.patrykszymanski.com\/wp-content\/uploads\/2024\/07\/IMG_3761-Edit-1024x682.jpg 1024w, https:\/\/www.patrykszymanski.com\/wp-content\/uploads\/2024\/07\/IMG_3761-Edit-768x512.jpg 768w, https:\/\/www.patrykszymanski.com\/wp-content\/uploads\/2024\/07\/IMG_3761-Edit-1536x1024.jpg 1536w, https:\/\/www.patrykszymanski.com\/wp-content\/uploads\/2024\/07\/IMG_3761-Edit.jpg 2024w\" sizes=\"(max-width: 300px) 100vw, 300px\" \/><\/div><a class=\"wp-block-latest-posts__post-title\" href=\"https:\/\/www.patrykszymanski.com\/?p=718\">Stocznia w Dhace<\/a><\/li>\n<li><div class=\"wp-block-latest-posts__featured-image alignleft\"><img loading=\"lazy\" decoding=\"async\" width=\"300\" height=\"200\" src=\"https:\/\/www.patrykszymanski.com\/wp-content\/uploads\/2024\/04\/IMG_1478-Edit-300x200.jpg\" class=\"attachment-medium size-medium wp-post-image\" alt=\"Z Kilimand\u017caro w tle\" style=\"max-width:150px;max-height:150px;\" srcset=\"https:\/\/www.patrykszymanski.com\/wp-content\/uploads\/2024\/04\/IMG_1478-Edit-300x200.jpg 300w, https:\/\/www.patrykszymanski.com\/wp-content\/uploads\/2024\/04\/IMG_1478-Edit-1024x682.jpg 1024w, https:\/\/www.patrykszymanski.com\/wp-content\/uploads\/2024\/04\/IMG_1478-Edit-768x512.jpg 768w, https:\/\/www.patrykszymanski.com\/wp-content\/uploads\/2024\/04\/IMG_1478-Edit-1536x1024.jpg 1536w, https:\/\/www.patrykszymanski.com\/wp-content\/uploads\/2024\/04\/IMG_1478-Edit.jpg 2024w\" sizes=\"(max-width: 300px) 100vw, 300px\" \/><\/div><a class=\"wp-block-latest-posts__post-title\" href=\"https:\/\/www.patrykszymanski.com\/?p=671\">Wesele Nuru<\/a><\/li>\n<li><div class=\"wp-block-latest-posts__featured-image alignleft\"><img loading=\"lazy\" decoding=\"async\" width=\"300\" height=\"200\" src=\"https:\/\/www.patrykszymanski.com\/wp-content\/uploads\/2022\/03\/16-300x200.jpg\" class=\"attachment-medium size-medium wp-post-image\" alt=\"Grudka z\u0142ota\" style=\"max-width:150px;max-height:150px;\" srcset=\"https:\/\/www.patrykszymanski.com\/wp-content\/uploads\/2022\/03\/16-300x200.jpg 300w, https:\/\/www.patrykszymanski.com\/wp-content\/uploads\/2022\/03\/16-1024x683.jpg 1024w, https:\/\/www.patrykszymanski.com\/wp-content\/uploads\/2022\/03\/16-768x512.jpg 768w, https:\/\/www.patrykszymanski.com\/wp-content\/uploads\/2022\/03\/16-1536x1024.jpg 1536w, https:\/\/www.patrykszymanski.com\/wp-content\/uploads\/2022\/03\/16-2048x1365.jpg 2048w\" sizes=\"(max-width: 300px) 100vw, 300px\" \/><\/div><a class=\"wp-block-latest-posts__post-title\" href=\"https:\/\/www.patrykszymanski.com\/?p=439\">Z\u0142oto ubogich<\/a><\/li>\n<li><div class=\"wp-block-latest-posts__featured-image alignleft\"><img loading=\"lazy\" decoding=\"async\" width=\"300\" height=\"200\" src=\"https:\/\/www.patrykszymanski.com\/wp-content\/uploads\/2020\/11\/IMG_3263-Edit-300x200.jpg\" class=\"attachment-medium size-medium wp-post-image\" alt=\"\" style=\"max-width:150px;max-height:150px;\" srcset=\"https:\/\/www.patrykszymanski.com\/wp-content\/uploads\/2020\/11\/IMG_3263-Edit-300x200.jpg 300w, https:\/\/www.patrykszymanski.com\/wp-content\/uploads\/2020\/11\/IMG_3263-Edit-1024x683.jpg 1024w, https:\/\/www.patrykszymanski.com\/wp-content\/uploads\/2020\/11\/IMG_3263-Edit-768x512.jpg 768w, https:\/\/www.patrykszymanski.com\/wp-content\/uploads\/2020\/11\/IMG_3263-Edit-1536x1024.jpg 1536w, https:\/\/www.patrykszymanski.com\/wp-content\/uploads\/2020\/11\/IMG_3263-Edit-2048x1365.jpg 2048w\" sizes=\"(max-width: 300px) 100vw, 300px\" \/><\/div><a class=\"wp-block-latest-posts__post-title\" href=\"https:\/\/www.patrykszymanski.com\/?p=231\">Plemi\u0119 Hamer<\/a><\/li>\n<\/ul>","protected":false},"excerpt":{"rendered":"<p class=\"more-link\"><a href=\"https:\/\/www.patrykszymanski.com\/?page_id=328\" class=\"readmore\"><svg class=\"icon icon-arrow-right\" aria-hidden=\"true\" role=\"img\"> <use href=\"#icon-arrow-right\" xlink:href=\"#icon-arrow-right\"><\/use> <\/svg><span class=\"screen-reader-text\">FOTOREPORTA\u017b<\/span><\/a><\/p>\n","protected":false},"author":1,"featured_media":312,"parent":0,"menu_order":0,"comment_status":"closed","ping_status":"closed","template":"","meta":{"jetpack_post_was_ever_published":false,"footnotes":""},"jetpack_sharing_enabled":true,"_links":{"self":[{"href":"https:\/\/www.patrykszymanski.com\/index.php?rest_route=\/wp\/v2\/pages\/328"}],"collection":[{"href":"https:\/\/www.patrykszymanski.com\/index.php?rest_route=\/wp\/v2\/pages"}],"about":[{"href":"https:\/\/www.patrykszymanski.com\/index.php?rest_route=\/wp\/v2\/types\/page"}],"author":[{"embeddable":true,"href":"https:\/\/www.patrykszymanski.com\/index.php?rest_route=\/wp\/v2\/users\/1"}],"replies":[{"embeddable":true,"href":"https:\/\/www.patrykszymanski.com\/index.php?rest_route=%2Fwp%2Fv2%2Fcomments&post=328"}],"version-history":[{"count":3,"href":"https:\/\/www.patrykszymanski.com\/index.php?rest_route=\/wp\/v2\/pages\/328\/revisions"}],"predecessor-version":[{"id":351,"href":"https:\/\/www.patrykszymanski.com\/index.php?rest_route=\/wp\/v2\/pages\/328\/revisions\/351"}],"wp:featuredmedia":[{"embeddable":true,"href":"https:\/\/www.patrykszymanski.com\/index.php?rest_route=\/wp\/v2\/media\/312"}],"wp:attachment":[{"href":"https:\/\/www.patrykszymanski.com\/index.php?rest_route=%2Fwp%2Fv2%2Fmedia&parent=328"}],"curies":[{"name":"wp","href":"https:\/\/api.w.org\/{rel}","templated":true}]}}